{"id":143,"date":"2020-03-22T15:07:30","date_gmt":"2020-03-22T14:07:30","guid":{"rendered":"http:\/\/escaledelaria-etel.com\/?page_id=143"},"modified":"2025-10-06T16:20:49","modified_gmt":"2025-10-06T14:20:49","slug":"tarifs","status":"publish","type":"page","link":"https:\/\/escaledelaria-etel.com\/index.php\/tarifs\/","title":{"rendered":"Tarifs au 1er janvier 2026"},"content":{"rendered":"\n<figure class=\"wp-block-table is-style-regular\"><table><tbody><tr><td class=\"has-text-align-right\" data-align=\"right\">TARIFS BASSE SAISON<br>1 ou 2 personnes (+20 \u20ac si pers. suppl)<\/td><td class=\"has-text-align-center\" data-align=\"center\">1 \u00e0 4 jours<\/td><td class=\"has-text-align-center\" data-align=\"center\">\u00e0 partir du <br>5\u00e8me jour<\/td><\/tr><tr><td class=\"has-text-align-right\" data-align=\"right\">OYATS <\/td><td class=\"has-text-align-center\" data-align=\"center\">85,00<\/td><td class=\"has-text-align-center\" data-align=\"center\">&#8211; 10%<\/td><\/tr><tr><td class=\"has-text-align-right\" data-align=\"right\">SABLE, BRUME, ECUME ou ABYSSE<\/td><td class=\"has-text-align-center\" data-align=\"center\">80,00<\/td><td class=\"has-text-align-center\" data-align=\"center\">&#8211; 10%<\/td><\/tr><tr><td class=\"has-text-align-right\" data-align=\"right\">Comptoir (sur r\u00e9servation 15 sept au 15 juin)<\/td><td class=\"has-text-align-center\" data-align=\"center\">\u00e0 partir de 15,00\u20ac<\/td><td class=\"has-text-align-center\" data-align=\"center\"><\/td><\/tr><tr><td class=\"has-text-align-right\" data-align=\"right\">Taxe de s\u00e9jour par adulte <\/td><td class=\"has-text-align-center\" data-align=\"center\">0,80\/nuit<\/td><td class=\"has-text-align-center\" data-align=\"center\"><\/td><\/tr><\/tbody><\/table><\/figure>\n\n\n\n<p><\/p>\n\n\n\n<figure class=\"wp-block-table is-style-regular\"><table><tbody><tr><td class=\"has-text-align-right\" data-align=\"right\">TARIFS HAUTE SAISON *<br>1 ou 2 personnes (+20 \u20ac si pers. suppl)<\/td><td class=\"has-text-align-center\" data-align=\"center\">2 \u00e0 4 jours<\/td><td class=\"has-text-align-center\" data-align=\"center\">\u00e0 partir du<br>5\u00e8me jour<\/td><\/tr><tr><td class=\"has-text-align-right\" data-align=\"right\">OYATS<\/td><td class=\"has-text-align-center\" data-align=\"center\">95,00<\/td><td class=\"has-text-align-center\" data-align=\"center\">&#8211; 10%<\/td><\/tr><tr><td class=\"has-text-align-right\" data-align=\"right\">SABLE, BRUME, ECUME ou ABYSSE<\/td><td class=\"has-text-align-center\" data-align=\"center\">90,00<\/td><td class=\"has-text-align-center\" data-align=\"center\">&#8211; 10%<\/td><\/tr><tr><td class=\"has-text-align-right\" data-align=\"right\">Taxe de s\u00e9jour par adulte <\/td><td class=\"has-text-align-center\" data-align=\"center\">0.80\/nuit<\/td><td class=\"has-text-align-center\" data-align=\"center\"><\/td><\/tr><\/tbody><\/table><figcaption class=\"wp-element-caption\">* Haute saison : WE de P\u00e2ques , Ponts de mai et du 1er juillet au 31 ao\u00fbt 2026<br>R\u00e9servation 2 nuits minimun en haute saison<\/figcaption><\/figure>\n\n\n\n<p><\/p>\n","protected":false},"excerpt":{"rendered":"<p>TARIFS BASSE SAISON1 ou 2 personnes (+20 \u20ac si pers. suppl) 1 \u00e0 4 jours \u00e0 partir du 5\u00e8me jour OYATS 85,00 &#8211; 10% SABLE, BRUME, ECUME ou ABYSSE 80,00 &#8211; 10% Comptoir (sur r\u00e9servation 15 sept au 15 juin) \u00e0 partir de 15,00\u20ac Taxe de s\u00e9jour par adulte 0,80\/nuit TARIFS HAUTE SAISON *1 ou &hellip; <\/p>\n<p class=\"link-more\"><a href=\"https:\/\/escaledelaria-etel.com\/index.php\/tarifs\/\" class=\"more-link\">Continuer la lecture<span class=\"screen-reader-text\"> de &laquo;&nbsp;Tarifs au 1er janvier 2026&nbsp;&raquo;<\/span><\/a><\/p>\n","protected":false},"author":2,"featured_media":0,"parent":0,"menu_order":0,"comment_status":"closed","ping_status":"closed","template":"","meta":{"footnotes":""},"class_list":["post-143","page","type-page","status-publish","hentry"],"jetpack_sharing_enabled":true,"_links":{"self":[{"href":"https:\/\/escaledelaria-etel.com\/index.php\/wp-json\/wp\/v2\/pages\/143","targetHints":{"allow":["GET"]}}],"collection":[{"href":"https:\/\/escaledelaria-etel.com\/index.php\/wp-json\/wp\/v2\/pages"}],"about":[{"href":"https:\/\/escaledelaria-etel.com\/index.php\/wp-json\/wp\/v2\/types\/page"}],"author":[{"embeddable":true,"href":"https:\/\/escaledelaria-etel.com\/index.php\/wp-json\/wp\/v2\/users\/2"}],"replies":[{"embeddable":true,"href":"https:\/\/escaledelaria-etel.com\/index.php\/wp-json\/wp\/v2\/comments?post=143"}],"version-history":[{"count":42,"href":"https:\/\/escaledelaria-etel.com\/index.php\/wp-json\/wp\/v2\/pages\/143\/revisions"}],"predecessor-version":[{"id":1964,"href":"https:\/\/escaledelaria-etel.com\/index.php\/wp-json\/wp\/v2\/pages\/143\/revisions\/1964"}],"wp:attachment":[{"href":"https:\/\/escaledelaria-etel.com\/index.php\/wp-json\/wp\/v2\/media?parent=143"}],"curies":[{"name":"wp","href":"https:\/\/api.w.org\/{rel}","templated":true}]}}