{"id":69,"date":"2019-12-08T11:41:08","date_gmt":"2019-12-08T10:41:08","guid":{"rendered":"http:\/\/escaledelaria-etel.com\/?page_id=69"},"modified":"2025-10-06T17:09:00","modified_gmt":"2025-10-06T15:09:00","slug":"la-table-de-dom","status":"publish","type":"page","link":"https:\/\/escaledelaria-etel.com\/index.php\/la-table-de-dom\/","title":{"rendered":"Le comptoir de Dom"},"content":{"rendered":"\n<h1 class=\"wp-block-heading\"><strong>Les petits d\u00e9jeuners<\/strong><\/h1>\n\n\n\n<p>Les petits d\u00e9jeuners sont servis de 8h30 \u00e0 10h dans la v\u00e9randa ou le jardin.<\/p>\n\n\n\n<p>Ils sont compos\u00e9s de boissons chaudes (th\u00e9, caf\u00e9 ou chocolat), d&rsquo;un jus de fruit, de pains frais et d&rsquo;une gourmandise du jour (pancakes, petits g\u00e2teaux, brioches, farz buen \u2026). Fruits, c\u00e9r\u00e9ales, yaourts et confitures maison viennent compl\u00e9ter le premier repas de la journ\u00e9e.<\/p>\n\n\n\n<figure class=\"wp-block-image size-full\"><img loading=\"lazy\" decoding=\"async\" width=\"2560\" height=\"1441\" src=\"https:\/\/escaledelaria-etel.com\/wp-content\/uploads\/2025\/10\/VERANDA-1-scaled.jpg\" alt=\"\" class=\"wp-image-1976\" srcset=\"https:\/\/escaledelaria-etel.com\/wp-content\/uploads\/2025\/10\/VERANDA-1-scaled.jpg 2560w, https:\/\/escaledelaria-etel.com\/wp-content\/uploads\/2025\/10\/VERANDA-1-300x169.jpg 300w, https:\/\/escaledelaria-etel.com\/wp-content\/uploads\/2025\/10\/VERANDA-1-1024x576.jpg 1024w, https:\/\/escaledelaria-etel.com\/wp-content\/uploads\/2025\/10\/VERANDA-1-768x432.jpg 768w, https:\/\/escaledelaria-etel.com\/wp-content\/uploads\/2025\/10\/VERANDA-1-1536x864.jpg 1536w, https:\/\/escaledelaria-etel.com\/wp-content\/uploads\/2025\/10\/VERANDA-1-2048x1153.jpg 2048w\" sizes=\"auto, (max-width: 767px) 89vw, (max-width: 1000px) 54vw, (max-width: 1071px) 543px, 580px\" \/><figcaption class=\"wp-element-caption\">La v\u00e9randa<\/figcaption><\/figure>\n\n\n\n<h1 class=\"wp-block-heading\"><strong>Le Comptoir<\/strong><\/h1>\n\n\n\n<p>Hors saison (du 15 septembre au 15 juin), je serais heureuse de vous proposer un plat de saison (entre 15 et 20\u20ac) et un dessert (entre 5 et 9\u20ac). Tous les produits frais et locaux et sont cuisin\u00e9s sur place.<\/p>\n\n\n\n<p>Vous pourrez d\u00e9couvrir la gastronomie bretonne, participer \u00e0 un atelier cr\u00eapes ou tester mon exp\u00e9rience culinaire du moment \u2026.<\/p>\n\n\n\n<p><\/p>\n\n\n\n<figure class=\"wp-block-gallery has-nested-images columns-default is-cropped wp-block-gallery-1 is-layout-flex wp-block-gallery-is-layout-flex\">\n<figure class=\"wp-block-image size-large\"><img loading=\"lazy\" decoding=\"async\" width=\"1024\" height=\"768\" data-id=\"1982\" src=\"https:\/\/escaledelaria-etel.com\/wp-content\/uploads\/2025\/10\/Billig-1-1-1024x768.jpg\" alt=\"\" class=\"wp-image-1982\" srcset=\"https:\/\/escaledelaria-etel.com\/wp-content\/uploads\/2025\/10\/Billig-1-1-1024x768.jpg 1024w, https:\/\/escaledelaria-etel.com\/wp-content\/uploads\/2025\/10\/Billig-1-1-300x225.jpg 300w, https:\/\/escaledelaria-etel.com\/wp-content\/uploads\/2025\/10\/Billig-1-1-768x576.jpg 768w, https:\/\/escaledelaria-etel.com\/wp-content\/uploads\/2025\/10\/Billig-1-1-1536x1152.jpg 1536w, https:\/\/escaledelaria-etel.com\/wp-content\/uploads\/2025\/10\/Billig-1-1-2048x1536.jpg 2048w\" sizes=\"auto, (max-width: 767px) 89vw, (max-width: 1000px) 54vw, (max-width: 1071px) 543px, 580px\" \/><figcaption class=\"wp-element-caption\">CREPES  AU BILLIG<\/figcaption><\/figure>\n\n\n\n<figure class=\"wp-block-image size-full\"><img loading=\"lazy\" decoding=\"async\" width=\"869\" height=\"869\" data-id=\"1758\" src=\"https:\/\/escaledelaria-etel.com\/wp-content\/uploads\/2025\/01\/Salade.jpg\" alt=\"\" class=\"wp-image-1758\" srcset=\"https:\/\/escaledelaria-etel.com\/wp-content\/uploads\/2025\/01\/Salade.jpg 869w, https:\/\/escaledelaria-etel.com\/wp-content\/uploads\/2025\/01\/Salade-300x300.jpg 300w, https:\/\/escaledelaria-etel.com\/wp-content\/uploads\/2025\/01\/Salade-150x150.jpg 150w, https:\/\/escaledelaria-etel.com\/wp-content\/uploads\/2025\/01\/Salade-768x768.jpg 768w, https:\/\/escaledelaria-etel.com\/wp-content\/uploads\/2025\/01\/Salade-100x100.jpg 100w\" sizes=\"auto, (max-width: 767px) 89vw, (max-width: 1000px) 54vw, (max-width: 1071px) 543px, 580px\" \/><figcaption class=\"wp-element-caption\">SALADE DE SAISON<\/figcaption><\/figure>\n\n\n\n<figure class=\"wp-block-image size-large\"><img loading=\"lazy\" decoding=\"async\" width=\"276\" height=\"568\" data-id=\"456\" src=\"https:\/\/escaledelaria-etel.com\/wp-content\/uploads\/2020\/11\/APERO.jpg\" alt=\"\" class=\"wp-image-456\" srcset=\"https:\/\/escaledelaria-etel.com\/wp-content\/uploads\/2020\/11\/APERO.jpg 276w, https:\/\/escaledelaria-etel.com\/wp-content\/uploads\/2020\/11\/APERO-146x300.jpg 146w\" sizes=\"auto, (max-width: 276px) 100vw, 276px\" \/><figcaption class=\"wp-element-caption\">PLANCHE APERO<\/figcaption><\/figure>\n<\/figure>\n\n\n\n<p><\/p>\n\n\n\n<p class=\"has-text-align-left\">Toute l&rsquo;ann\u00e9e, les planches ap\u00e9ro gourmandes et locales se partagent aussi dans le petit salon, le jardin ou la v\u00e9randa. Elles sont disponibles sur commande au prix de 15\u20ac. Vous pourrez les accompagner de cidre ou de bi\u00e8res locales.<\/p>\n\n\n\n<p class=\"has-text-align-left\"><\/p>\n\n\n\n<figure class=\"wp-block-image size-large\"><img loading=\"lazy\" decoding=\"async\" width=\"1024\" height=\"576\" src=\"https:\/\/escaledelaria-etel.com\/wp-content\/uploads\/2025\/10\/PERGOLA-2-1024x576.jpg\" alt=\"Jardin\" class=\"wp-image-1973\" srcset=\"https:\/\/escaledelaria-etel.com\/wp-content\/uploads\/2025\/10\/PERGOLA-2-1024x576.jpg 1024w, https:\/\/escaledelaria-etel.com\/wp-content\/uploads\/2025\/10\/PERGOLA-2-300x169.jpg 300w, https:\/\/escaledelaria-etel.com\/wp-content\/uploads\/2025\/10\/PERGOLA-2-768x432.jpg 768w, https:\/\/escaledelaria-etel.com\/wp-content\/uploads\/2025\/10\/PERGOLA-2-1536x864.jpg 1536w, https:\/\/escaledelaria-etel.com\/wp-content\/uploads\/2025\/10\/PERGOLA-2-2048x1153.jpg 2048w\" sizes=\"auto, (max-width: 767px) 89vw, (max-width: 1000px) 54vw, (max-width: 1071px) 543px, 580px\" \/><figcaption class=\"wp-element-caption\">Le jardin<\/figcaption><\/figure>\n","protected":false},"excerpt":{"rendered":"<p>Les petits d\u00e9jeuners Les petits d\u00e9jeuners sont servis de 8h30 \u00e0 10h dans la v\u00e9randa ou le jardin. Ils sont compos\u00e9s de boissons chaudes (th\u00e9, caf\u00e9 ou chocolat), d&rsquo;un jus de fruit, de pains frais et d&rsquo;une gourmandise du jour (pancakes, petits g\u00e2teaux, brioches, farz buen \u2026). Fruits, c\u00e9r\u00e9ales, yaourts et confitures maison viennent compl\u00e9ter &hellip; <\/p>\n<p class=\"link-more\"><a href=\"https:\/\/escaledelaria-etel.com\/index.php\/la-table-de-dom\/\" class=\"more-link\">Continuer la lecture<span class=\"screen-reader-text\"> de &laquo;&nbsp;Le comptoir de Dom&nbsp;&raquo;<\/span><\/a><\/p>\n","protected":false},"author":1,"featured_media":0,"parent":0,"menu_order":0,"comment_status":"closed","ping_status":"closed","template":"","meta":{"footnotes":""},"class_list":["post-69","page","type-page","status-publish","hentry"],"jetpack_sharing_enabled":true,"_links":{"self":[{"href":"https:\/\/escaledelaria-etel.com\/index.php\/wp-json\/wp\/v2\/pages\/69","targetHints":{"allow":["GET"]}}],"collection":[{"href":"https:\/\/escaledelaria-etel.com\/index.php\/wp-json\/wp\/v2\/pages"}],"about":[{"href":"https:\/\/escaledelaria-etel.com\/index.php\/wp-json\/wp\/v2\/types\/page"}],"author":[{"embeddable":true,"href":"https:\/\/escaledelaria-etel.com\/index.php\/wp-json\/wp\/v2\/users\/1"}],"replies":[{"embeddable":true,"href":"https:\/\/escaledelaria-etel.com\/index.php\/wp-json\/wp\/v2\/comments?post=69"}],"version-history":[{"count":58,"href":"https:\/\/escaledelaria-etel.com\/index.php\/wp-json\/wp\/v2\/pages\/69\/revisions"}],"predecessor-version":[{"id":1984,"href":"https:\/\/escaledelaria-etel.com\/index.php\/wp-json\/wp\/v2\/pages\/69\/revisions\/1984"}],"wp:attachment":[{"href":"https:\/\/escaledelaria-etel.com\/index.php\/wp-json\/wp\/v2\/media?parent=69"}],"curies":[{"name":"wp","href":"https:\/\/api.w.org\/{rel}","templated":true}]}}